{"id":378,"date":"2018-05-30T08:31:15","date_gmt":"2018-05-30T08:31:15","guid":{"rendered":"https:\/\/gabler-partner.de\/datenschutz\/"},"modified":"2024-10-23T20:02:22","modified_gmt":"2024-10-23T20:02:22","slug":"data-privacy","status":"publish","type":"page","link":"https:\/\/gabler-partner.de\/en\/data-privacy\/","title":{"rendered":"Data privacy"},"content":{"rendered":"<h3>1. Name und Anschrift des f\u00fcr die Verarbeitung Verantwortlichen<\/h3>\n<p>Verantwortlicher im Sinne der Datenschutz-Grundverordnung, sonstiger in den Mitgliedstaaten der Europ\u00e4ischen Union geltenden Datenschutzgesetze und anderer Bestimmungen mit datenschutzrechtlichem Charakter ist die Rechtsanwaltskanzlei:<\/p>\n<p>Gabler &amp; Partner Rechtsanw\u00e4lte mbB<br \/>\nReinhardstra\u00dfe 7<br \/>\n10117 Berlin<br \/>\nTel.: +49 30-27 87 97 40<br \/>\nFax: +49 30-27 87 97 45<br \/>\n<a href=\"mailto:info@gabler-partner.de\">info@gabler-partner.de<\/a><\/p>\n<p><strong>Name und Anschrift des Datenschutzbeauftragten<\/strong><br \/>\nDer Datenschutzbeauftragte des f\u00fcr die Verarbeitung Verantwortlichen ist:<br \/>\nDr. Jonas Pape<br \/>\nReinhardtstra\u00dfe 7<br \/>\n10117 Berlin<br \/>\nT +49 30-27 87 97 40<br \/>\n<a href=\"mailto:pape@gabler-partner.de\">pape@gabler-partner.de<\/a><\/p>\n<h3>2. Erhebung und Speicherung personenbezogener Daten sowie Art und Zweck von deren Verwendung<\/h3>\n<p><strong>a)\u00a0Beim Besuch der Website<\/strong><br \/>\nBeim Aufrufen unserer Website\u00a0werden durch den auf Ihrem Endger\u00e4t zum Einsatz\u00a0kommenden Browser automatisch\u00a0Informationen an den Server unserer Website gesendet. Diese Informationen werden tempor\u00e4r in einem sog. Logfile gespeichert.<br \/>\nFolgende Informationen werden dabei ohne Ihr Zutun erfasst und bis zur automatisierten L\u00f6schung gespeichert:<\/p>\n<ul>\n<li>IP &#8211; Adresse des anfragenden Rechners,<\/li>\n<li>Datum und Uhrzeit des Zugriffs,<\/li>\n<li>Name und URL der abgerufenen Datei,<\/li>\n<li>Website, von der aus der Zugriff erfolgt (Referrer-URL),<\/li>\n<li>verwendeter Browser und ggf. das Betriebssystem Ihres Rechners sowie der Name Ihres Access-Providers.<\/li>\n<\/ul>\n<p>Die genannten\u00a0Daten werden durch uns zu folgenden Zwecken verarbeitet:<\/p>\n<ul>\n<li>Gew\u00e4hrleistung eines reibungslosen Verbindungsaufbaus der Website,<\/li>\n<li>Gew\u00e4hrleistung einer komfortablen Nutzung unserer Website,<\/li>\n<li>Auswertung der Systemsicherheit und -stabilit\u00e4t sowie zu weiteren administrativen Zwecken.<\/li>\n<\/ul>\n<p>Die Rechtsgrundlage f\u00fcr die Datenverarbeitung ist Art.\u00a06 Abs. 1 S.\u00a01 lit.\u00a0f DSGVO. Unser\u00a0berechtigtes Interesse folgt aus oben aufgelisteten Zwecken zur Datenerhebung. In\u00a0keinem Fall verwenden wir die erhobenen Daten zu dem Zweck,\u00a0R\u00fcckschl\u00fcsse auf Ihre Person zu ziehen.<\/p>\n<h3>3. Weitergabe von Daten<\/h3>\n<p>Eine \u00dcbermittlung Ihrer pers\u00f6nlichen Daten an Dritte zu anderen als den im Folgenden aufgef\u00fchrten Zwecken findet nicht statt. Wir geben Ihre pers\u00f6nlichen Daten nur an Dritte weiter, wenn:<\/p>\n<ul>\n<li>Sie Ihre nach Art. 6 Abs. 1 S. 1 lit. a DSGVO ausdr\u00fcckliche Einwilligung dazu erteilt haben,<\/li>\n<li>die Weitergabe nach Art. 6 Abs. 1 S. 1 lit. f DSGVO zur Geltendmachung, Aus\u00fcbung oder Verteidigung von Rechtsanspr\u00fcchen erforderlich ist und kein Grund zur Annahme besteht, dass Sie ein \u00fcberwiegendes schutzw\u00fcrdiges Interesse an der Nichtweitergabe Ihrer Daten haben,<\/li>\n<li>f\u00fcr den Fall, dass f\u00fcr die Weitergabe nach Art. 6 Abs. 1 S. 1 lit. c DSGVO eine gesetzliche Verpflichtung besteht, sowie<\/li>\n<li>dies gesetzlich zul\u00e4ssig und nach Art. 6 Abs. 1 S. 1 lit. b DSGVO f\u00fcr die Abwicklung von Vertragsverh\u00e4ltnissen mit Ihnen erforderlich ist.<\/li>\n<\/ul>\n<h3>4. Cookies<\/h3>\n<p>F\u00fcr den Betrieb der Webseite nutzen wir Cookies. Dies sind Dateien, die ihr Browser bei\u00a0Besuch unserer Webseite auf ihrem Endger\u00e4t speichert. Sie dienen der Speicherung\u00a0von Daten Ihres Besuchs und zur Wiedererkennung wie auch zur statistischen\u00a0Erfassung, Verbesserung und Gew\u00e4hrleistung des Betriebes unserer Webseite.<\/p>\n<h3>5. Analyse-Tools<\/h3>\n<p>Wir nutzen auf unserer Webseite den Webseiten-Analysedienst f\u00fcr Webseiten von Google Analytics,\u00a0ein\u00a0Webanalysedienst\u00a0der Google\u00a0Inc.\u00a0(<a href=\"https:\/\/www.google.de\/intl\/de\/about\/\" target=\"_blank\" rel=\"noopener\">https:\/\/www.google.de\/intl\/de\/about\/<\/a>)\u00a0(1600 Amphitheatre Parkway, Mountain View, CA\u00a094043, USA; im Folgenden \u201eGoogle\u201c).\u00a0In diesem Zusammenhang werden\u00a0pseudonymisierte Nutzungsprofile erstellt und Cookies (siehe unter Ziff.\u00a04) verwendet.<br \/>\nDie durch den Cookie erzeugten Informationen \u00fcber Ihre Benutzung dieser Website wie<\/p>\n<ul>\n<li>Browser-Typ\/-Version,<\/li>\n<li>verwendetes Betriebssystem,<\/li>\n<li>Referrer<\/li>\n<li>URL (die zuvor besuchte Seite),<\/li>\n<li>Hostname des zugreifenden Rechners (IP &#8211; Adresse),<\/li>\n<li>Uhrzeit der Serveranfrage,<\/li>\n<\/ul>\n<p>werden an einen Server\u00a0von Google in den USA \u00fcbertragen und dort gespeichert. Die\u00a0Informationen werden verwendet, um die Nutzung der Website auszuwerten, um Reports \u00fcber die Websiteaktivit\u00e4ten zusammenzustellen und um weitere mit der\u00a0Websitenutzung und der Internetnutzung verbundene Dienstleistungen zu Zwecken der\u00a0Marktforschung und bedarfsgerechten Gestaltung dieser Internetseiten zu erbringen.\u00a0Auch werden diese Informationen gegebenenfalls an Dritte \u00fcbertragen, sofern dies gesetzlich vorgeschrieben ist oder soweit Dritte diese\u00a0Daten im Auftrag verarbeiten. Es wird in keinem Fall Ihre IP &#8211; Adresse mit anderen Daten von Google zusammengef\u00fchrt.\u00a0Die IP &#8211;\u00a0Adressen werden anonymisiert, so dass eine Zuordnung nicht m\u00f6glich ist (IP\u00a0&#8211; Masking).<\/p>\n<p>Sie k\u00f6nnen die Installation der Cookies durch ein e entsprechende Einstellung der\u00a0Browser\u00a0&#8211;\u00a0Software verhindern; wir weisen jedoch darauf hin, dass in diesem Fall\u00a0gegebenenfalls nicht s\u00e4mtliche Funktionen dieser Website vollumf\u00e4nglich genutzt\u00a0werden k\u00f6nnen.\u00a0Sie k\u00f6nnen dar\u00fcber hinaus die Erfassung der durch\u00a0das Cookie erzeugten und auf Ihre\u00a0Nutzung der Website bezogenen Daten (inkl. Ihrer IP\u00a0&#8211; Adresse) sowie die Verarbeitung\u00a0dieser Daten durch Google verhindern, indem Sie ein\u00a0Browser-Add-on herunterladen\u00a0und installieren\u00a0(<a href=\"https:\/\/tools.google.com\/dlpage\/gaoptout?hl=de\" target=\"_blank\" rel=\"noopener\">https:\/\/tools.google.com\/dlpage\/gaoptout?hl=de<\/a>) oder ein Cookie setzen um <a class=\"optOut\" href=\"#\">Google Analytics zu deaktivieren<\/a>.<\/p>\n<p>Weitere Informationen zum Datenschutz im Zusammenhang mit Google Analytics finden\u00a0Sie\u00a0etwa\u00a0in\u00a0der\u00a0Google\u00a0Analytics\u00a0&#8211;\u00a0Hilfe\u00a0(<a href=\"https:\/\/support.google.com\/analytics\/answer\/6004245?hl=de\" target=\"_blank\" rel=\"noopener\">https:\/\/support.google.com\/analytics\/answer\/6004245?hl=de<\/a>)<\/p>\n<p>Bei Nutzung des Dienstes Google Adwords Conversion Tracking wird, sofern Sie \u00fcber\u00a0eine Anzeige bei Google auf diese Seite gelangt sind, ein Cookie auf Ihrem Ger\u00e4t gesetzt. Dies dient der Analyse und statistischen Auswertung der Nutzung der Webseite.<br \/>\nDas Cookie ist 30 Tage g\u00fcltig. Eine Identifizierung der Person erfolgt nicht, allerdings die\u00a0Beobachtung, ob der Nutzer \u00fcber eine Google Werbeanzeige auf die Seite\u00a0gelangt ist.<br \/>\nDiese Nutzung k\u00f6nnen Sie verhindern, indem Sie in den Einstellungen Ihres Browsers\u00a0das Setzen entsprechender Cookies ablehnen.<\/p>\n<h3><strong>6. Google Maps<\/strong><\/h3>\n<p>Diese Seite nutzt \u00fcber eine API den Kartendienst Google Maps. Anbieter ist die Google Inc., 1600 Amphitheatre Parkway, Mountain View, CA 94043, USA.<\/p>\n<p>Zur Nutzung der Funktionen von Google Maps ist es notwendig, Ihre IP Adresse zu speichern. Diese Informationen werden in der Regel an einen Server von Google in den USA \u00fcbertragen und dort gespeichert. Der Anbieter dieser Seite hat keinen Einfluss auf diese Daten\u00fcbertragung.<\/p>\n<p>Die Nutzung von Google Maps erfolgt im Interesse einer ansprechenden Darstellung unserer Online-Angebote und an einer leichten Auffindbarkeit der von uns auf der Website angegebenen Orte. Dies stellt ein berechtigtes Interesse im Sinne von Art. 6 Abs. 1 lit. f DSGVO dar.<\/p>\n<p>Mehr Informationen zum Umgang mit Nutzerdaten finden Sie in der Datenschutzerkl\u00e4rung von Google: <a href=\"https:\/\/www.google.de\/intl\/de\/policies\/privacy\/\" target=\"_blank\" rel=\"noopener\">https:\/\/www.google.de\/intl\/de\/policies\/privacy\/<\/a>.<\/p>\n<h3>7. Betroffenenrechte<\/h3>\n<p>Sie haben das Recht:<\/p>\n<ul>\n<li>gem\u00e4\u00df Art. 15 DSGVO Auskunft \u00fcber Ihre von uns verarbeiteten personenbezogenen Daten zu verlangen. Insbesondere k\u00f6nnen Sie Auskunft \u00fcber die Verarbeitungszwecke, die Kategorie der personenbezogenen Daten, die Kategorien von Empf\u00e4ngern, gegen\u00fcber denen Ihre Daten offengelegt wurden oder werden, die geplante Speicherdauer, das Bestehen eines Rechts auf Berichtigung, L\u00f6schung, Einschr\u00e4nkung der Verarbeitung oder Widerspruch, das Bestehen eines Beschwerderechts, die Herkunft ihrer Daten, sofern diese nicht bei uns erhoben wurden, sowie \u00fcber das Bestehen einer automatisierten Entscheidungsfindung einschlie\u00dflich Profiling und ggf. aussagekr\u00e4ftigen Informationen zu deren Einzelheiten verlangen;<\/li>\n<li>gem\u00e4\u00df Art. 16 DSGVO unverz\u00fcglich die Berichtigung unrichtiger oder Vervollst\u00e4ndigung Ihrer bei uns gespeicherten personenbezogenen Daten zu verlangen;<\/li>\n<li>gem\u00e4\u00df Art. 17 DSGVO die L\u00f6schung Ihrer bei uns gespeicherten personenbezogenen Daten zu verlangen, soweit nicht die Verarbeitung zur Aus\u00fcbung des Rechts auf freie Meinungs\u00e4u\u00dferung und Information, zur Erf\u00fcllung einer rechtlichen Verpflichtung, aus Gr\u00fcnden des \u00f6ffentlichen Interesses oder zur Geltendmachung, Aus\u00fcbung oder Verteidigung von Rechtsanspr\u00fcchen erforderlich ist;<\/li>\n<li>gem\u00e4\u00df Art. 18 DSGVO die Einschr\u00e4nkung der Verarbeitung Ihrer personenbezogenen Daten zu verlangen, soweit die Richtigkeit der Daten von Ihnen bestritten wird, die Verarbeitung unrechtm\u00e4\u00dfig ist, Sie aber deren L\u00f6schung ablehnen und wir die Daten nicht mehr ben\u00f6tigen, Sie jedoch diese zur Geltendmachung, Aus\u00fcbung oder Verteidigung von Rechtsanspr\u00fcchen ben\u00f6tigen oder Sie gem\u00e4\u00df Art. 21 DSGVO Widerspruch gegen die Verarbeitung eingelegt haben;<\/li>\n<li>gem\u00e4\u00df Art. 20 DSGVO Ihre personenbezogenen Daten, die Sie uns bereitgestellt haben, in einem strukturierten, g\u00e4ngigen und maschinenlesebaren Format zu erhalten oder die \u00dcbermittlung an einen anderen Verantwortlichen zu verlangen;<\/li>\n<li>gem\u00e4\u00df Art. 7 Abs. 3 DSGVO Ihre einmal erteilte Einwilligung jederzeit gegen\u00fcber uns zu widerrufen. Dies hat zur Folge, dass wir die Datenverarbeitung, die auf dieser Einwilligung beruhte, f\u00fcr die Zukunft nicht mehr fortf\u00fchren d\u00fcrfen und<\/li>\n<li>gem\u00e4\u00df Art. 77 DSGVO sich bei einer Aufsichtsbeh\u00f6rde zu beschweren. In der Regel k\u00f6nnen Sie sich hierf\u00fcr an die Aufsichtsbeh\u00f6rde Ihres \u00fcblichen Aufenthaltsortes oder Arbeitsplatzes oder unseres Kanzleisitzes wenden<\/li>\n<li>gem\u00e4\u00df Art. 21 DSGVO Widerspruch gegen die Verarbeitung Ihrer personenbezogenen Daten einzulegen, soweit daf\u00fcr Gr\u00fcnde vorliegen, die sich aus Ihrer besonderen Situation ergeben oder sich der Widerspruch gegen Direktwerbung richtet. Im letzteren Fall haben Sie ein generelles Widerspruchsrecht, das ohne Angabe einer besonderen Situation von uns umgesetzt wird. Sie haben die M\u00f6glichkeit, den Widerspruch telefonisch, per E-Mail, per Telefax oder an unsere zu Beginn dieser Datenschutzerkl\u00e4rung aufgef\u00fchrte Postadresse unserer Kanzlei formlos mitzuteilen.<\/li>\n<\/ul>\n<h3>8. Datensicherheit<\/h3>\n<p>Zur Gew\u00e4hrung der Datensicherheit erfolgt die \u00dcbertragung der Inhalte unserer\u00a0Webseite verschl\u00fcsselt nach dem SSL Verfahren gem\u00e4\u00df dem Stand der Technik. Zur\u00a0Sicherung der Daten werden von uns und den beauftragten Dienstleistern, mit denen\u00a0entsprechende vertragliche Vereinbarungen getroffen wurden, geeignete Ma\u00dfnahmen\u00a0nach dem Stand der Technik, insbesondere zur Beschr\u00e4nkung des Zugangs zu den Daten, zum Schutz gegen Ver\u00e4nderungen und Verlust, und zur Vertraulichkeit gem\u00e4\u00df\u00a0dem Stand der Technik eingesetzt.<\/p>\n<h3>9.\u00a0Stand und Aktualisierung dieser Datenschutzerkl\u00e4rung<\/h3>\n<p>Diese Datenschutzerkl\u00e4rung hat den Stand vom 25.05.2018. Wir behalten uns vor, die Datenschutzerkl\u00e4rung zu gegebener Zeit zu aktualisieren, um den Datenschutz zu\u00a0verbessern und\/oder anzupassen.<\/p>\n","protected":false},"excerpt":{"rendered":"<p>1. Name und Anschrift des f\u00fcr die Verarbeitung Verantwortlichen Verantwortlicher im Sinne der Datenschutz-Grundverordnung, sonstiger in den Mitgliedstaaten der Europ\u00e4ischen Union geltenden Datenschutzgesetze und anderer Bestimmungen mit datenschutzrechtlichem Charakter ist die Rechtsanwaltskanzlei: Gabler &amp; Partner Rechtsanw\u00e4lte mbB Reinhardstra\u00dfe 7 10117 Berlin Tel.: +49 30-27 87 97 40 Fax: +49 30-27 87 97 45 info@gabler-partner.de Name [&hellip;]<\/p>\n","protected":false},"author":3,"featured_media":0,"parent":0,"menu_order":12,"comment_status":"closed","ping_status":"closed","template":"page-impressum.php","meta":{"footnotes":""},"_links":{"self":[{"href":"https:\/\/gabler-partner.de\/en\/wp-json\/wp\/v2\/pages\/378"}],"collection":[{"href":"https:\/\/gabler-partner.de\/en\/wp-json\/wp\/v2\/pages"}],"about":[{"href":"https:\/\/gabler-partner.de\/en\/wp-json\/wp\/v2\/types\/page"}],"author":[{"embeddable":true,"href":"https:\/\/gabler-partner.de\/en\/wp-json\/wp\/v2\/users\/3"}],"replies":[{"embeddable":true,"href":"https:\/\/gabler-partner.de\/en\/wp-json\/wp\/v2\/comments?post=378"}],"version-history":[{"count":4,"href":"https:\/\/gabler-partner.de\/en\/wp-json\/wp\/v2\/pages\/378\/revisions"}],"predecessor-version":[{"id":482,"href":"https:\/\/gabler-partner.de\/en\/wp-json\/wp\/v2\/pages\/378\/revisions\/482"}],"wp:attachment":[{"href":"https:\/\/gabler-partner.de\/en\/wp-json\/wp\/v2\/media?parent=378"}],"curies":[{"name":"wp","href":"https:\/\/api.w.org\/{rel}","templated":true}]}}